{"id":7741,"date":"2023-03-16T06:00:01","date_gmt":"2023-03-16T06:00:01","guid":{"rendered":"https:\/\/successsensation.com\/seasona\/?page_id=7741"},"modified":"2023-04-19T13:39:44","modified_gmt":"2023-04-19T13:39:44","slug":"paranicas","status":"publish","type":"page","link":"https:\/\/successsensation.com\/seasona\/paranicas\/","title":{"rendered":"PARA NICAS"},"content":{"rendered":"\t\t<div data-elementor-type=\"wp-page\" data-elementor-id=\"7741\" class=\"elementor elementor-7741\">\n\t\t\t\t\t\t\t\t\t<section class=\"elementor-section elementor-top-section elementor-element elementor-element-71da946 elementor-section-boxed elementor-section-height-default elementor-section-height-default\" data-id=\"71da946\" data-element_type=\"section\">\n\t\t\t\t\t\t<div class=\"elementor-container elementor-column-gap-default\">\n\t\t\t\t\t<div class=\"elementor-column elementor-col-100 elementor-top-column elementor-element elementor-element-175f174\" data-id=\"175f174\" data-element_type=\"column\">\n\t\t\t<div class=\"elementor-widget-wrap elementor-element-populated\">\n\t\t\t\t\t\t\t\t<section class=\"elementor-section elementor-inner-section elementor-element elementor-element-f10f8f4 elementor-section-boxed elementor-section-height-default elementor-section-height-default\" data-id=\"f10f8f4\" data-element_type=\"section\">\n\t\t\t\t\t\t<div class=\"elementor-container elementor-column-gap-default\">\n\t\t\t\t\t<div class=\"elementor-column elementor-col-50 elementor-inner-column elementor-element elementor-element-84b89c6\" data-id=\"84b89c6\" data-element_type=\"column\">\n\t\t\t<div class=\"elementor-widget-wrap elementor-element-populated\">\n\t\t\t\t\t\t\t\t<div class=\"elementor-element elementor-element-53284b2 elementor-widget elementor-widget-image\" data-id=\"53284b2\" data-element_type=\"widget\" data-widget_type=\"image.default\">\n\t\t\t\t<div class=\"elementor-widget-container\">\n\t\t\t<style>\/*! elementor - v3.11.2 - 22-02-2023 *\/\n.elementor-widget-image{text-align:center}.elementor-widget-image a{display:inline-block}.elementor-widget-image a img[src$=\".svg\"]{width:48px}.elementor-widget-image img{vertical-align:middle;display:inline-block}<\/style>\t\t\t\t\t\t\t\t\t\t\t\t<img loading=\"lazy\" decoding=\"async\" width=\"980\" height=\"653\" src=\"https:\/\/successsensation.com\/seasona\/wp-content\/uploads\/2023\/03\/PHOTO-2019-02-21-18-15-34-1024x682.jpg\" class=\"attachment-large size-large wp-image-8700\" alt=\"\" srcset=\"https:\/\/successsensation.com\/seasona\/wp-content\/uploads\/2023\/03\/PHOTO-2019-02-21-18-15-34-1024x682.jpg 1024w, https:\/\/successsensation.com\/seasona\/wp-content\/uploads\/2023\/03\/PHOTO-2019-02-21-18-15-34-300x200.jpg 300w, https:\/\/successsensation.com\/seasona\/wp-content\/uploads\/2023\/03\/PHOTO-2019-02-21-18-15-34-768x512.jpg 768w, https:\/\/successsensation.com\/seasona\/wp-content\/uploads\/2023\/03\/PHOTO-2019-02-21-18-15-34.jpg 1280w\" sizes=\"auto, (max-width: 980px) 100vw, 980px\" \/>\t\t\t\t\t\t\t\t\t\t\t\t\t\t\t<\/div>\n\t\t\t\t<\/div>\n\t\t\t\t\t<\/div>\n\t\t<\/div>\n\t\t\t\t<div class=\"elementor-column elementor-col-50 elementor-inner-column elementor-element elementor-element-30d48aa\" data-id=\"30d48aa\" data-element_type=\"column\">\n\t\t\t<div class=\"elementor-widget-wrap elementor-element-populated\">\n\t\t\t\t\t\t\t\t<div class=\"elementor-element elementor-element-aa0619d elementor-widget elementor-widget-text-editor\" data-id=\"aa0619d\" data-element_type=\"widget\" data-widget_type=\"text-editor.default\">\n\t\t\t\t<div class=\"elementor-widget-container\">\n\t\t\t<style>\/*! elementor - v3.11.2 - 22-02-2023 *\/\n.elementor-widget-text-editor.elementor-drop-cap-view-stacked .elementor-drop-cap{background-color:#818a91;color:#fff}.elementor-widget-text-editor.elementor-drop-cap-view-framed .elementor-drop-cap{color:#818a91;border:3px solid;background-color:transparent}.elementor-widget-text-editor:not(.elementor-drop-cap-view-default) .elementor-drop-cap{margin-top:8px}.elementor-widget-text-editor:not(.elementor-drop-cap-view-default) .elementor-drop-cap-letter{width:1em;height:1em}.elementor-widget-text-editor .elementor-drop-cap{float:left;text-align:center;line-height:1;font-size:50px}.elementor-widget-text-editor .elementor-drop-cap-letter{display:inline-block}<\/style>\t\t\t\t<p><strong>PASAR EL DIA EN NUESTRA HACIENDA<\/strong><\/p><p>De 10:00 am a 4:30 pm.<\/p><p>\u00a0Adultos $18<\/p><p>\u00a0Ni\u00f1os (1-10 a\u00f1os) $10<\/p><p>Grupos de 6 o m\u00e1s;<\/p><p>\u00a0Adultos $17<\/p><p>\u00a0Ni\u00f1os (1-10 a\u00f1os) $9<\/p><p>Incluye: uso de la piscina y asado como almuerzo para los adultos y fajitas de pollo y papa para los ni\u00f1os.<\/p><p>Precios mostrados no incluyen IVA.<\/p><p>Cupo limitado 35 personas por d\u00eda para poder separarlos.<\/p><p>Se requiere dep\u00f3sito previo con 2 d\u00edas de anticipaci\u00f3n.<\/p><p style=\"overflow-wrap: break-word; margin-bottom: 1.3em; padding: 0px; border: 0px; font-variant-numeric: inherit; font-variant-east-asian: inherit; font-variant-alternates: inherit; font-stretch: inherit; font-size: 12px; line-height: inherit; font-family: Montserrat, sans-serif; font-optical-sizing: inherit; font-kerning: inherit; font-feature-settings: inherit; font-variation-settings: inherit; vertical-align: baseline; color: #8e9a9e; background-color: #ffffff; text-align: center;\"><span style=\"margin: 0px; padding: 0px; border: 0px; font: inherit; vertical-align: baseline; color: #000000;\"><span style=\"font-weight: bold; margin: 0px; padding: 0px; border: 0px; font-style: inherit; font-variant: inherit; font-stretch: inherit; font-size: inherit; line-height: inherit; font-family: inherit; font-optical-sizing: inherit; font-kerning: inherit; font-feature-settings: inherit; font-variation-settings: inherit; vertical-align: baseline;\">\u00a0<\/span><\/span><\/p>\t\t\t\t\t\t<\/div>\n\t\t\t\t<\/div>\n\t\t\t\t\t<\/div>\n\t\t<\/div>\n\t\t\t\t\t\t\t<\/div>\n\t\t<\/section>\n\t\t\t\t\t<\/div>\n\t\t<\/div>\n\t\t\t\t\t\t\t<\/div>\n\t\t<\/section>\n\t\t\t\t<section class=\"elementor-section elementor-top-section elementor-element elementor-element-0a7b518 elementor-section-boxed elementor-section-height-default elementor-section-height-default\" data-id=\"0a7b518\" data-element_type=\"section\">\n\t\t\t\t\t\t<div class=\"elementor-container elementor-column-gap-default\">\n\t\t\t\t\t<div class=\"elementor-column elementor-col-100 elementor-top-column elementor-element elementor-element-de441d2\" data-id=\"de441d2\" data-element_type=\"column\">\n\t\t\t<div class=\"elementor-widget-wrap elementor-element-populated\">\n\t\t\t\t\t\t\t\t<section class=\"elementor-section elementor-inner-section elementor-element elementor-element-9438066 elementor-section-boxed elementor-section-height-default elementor-section-height-default\" data-id=\"9438066\" data-element_type=\"section\">\n\t\t\t\t\t\t<div class=\"elementor-container elementor-column-gap-default\">\n\t\t\t\t\t<div class=\"elementor-column elementor-col-50 elementor-inner-column elementor-element elementor-element-edde0a0\" data-id=\"edde0a0\" data-element_type=\"column\">\n\t\t\t<div class=\"elementor-widget-wrap elementor-element-populated\">\n\t\t\t\t\t\t\t\t<div class=\"elementor-element elementor-element-968ec6d elementor-widget elementor-widget-text-editor\" data-id=\"968ec6d\" data-element_type=\"widget\" data-widget_type=\"text-editor.default\">\n\t\t\t\t<div class=\"elementor-widget-container\">\n\t\t\t\t\t\t\t<div dir=\"auto\"><strong>SOLO PARA NICAS Y RESIDENTES EN EL PAIS!<\/strong><\/div><div dir=\"auto\">\u00a0<\/div><div dir=\"auto\">Especiales de Estadias!<\/div><div dir=\"auto\">\u00a0<\/div><div dir=\"auto\"><strong>CASITAS<\/strong><\/div><div dir=\"auto\">\u00a0<\/div><div dir=\"auto\">\u00a0$ 109 por pareja + $ 25 ni\u00f1os (1-10 a\u00f1os) Incluye estad\u00eda y desayunos.<\/div><div dir=\"auto\">\u00a0<\/div><div dir=\"auto\"><strong>HABITACIONES<\/strong><\/div><div dir=\"auto\">\u00a0$99 por pareja<\/div><div dir=\"auto\">\u00a0<\/div><div dir=\"auto\">Precio especiales para grupos de 4 o mas.<\/div><div dir=\"auto\">\u00a0<\/div><div dir=\"auto\">Los precios mostrados no incluyen IVA.<\/div><div dir=\"auto\">Se requiere reservaciones con dep\u00f3sito previo con 2 d\u00edas de anticipaci\u00f3n.<\/div><div dir=\"auto\">\u00a0<\/div><div dir=\"auto\">\u00a0<\/div>\t\t\t\t\t\t<\/div>\n\t\t\t\t<\/div>\n\t\t\t\t\t<\/div>\n\t\t<\/div>\n\t\t\t\t<div class=\"elementor-column elementor-col-50 elementor-inner-column elementor-element elementor-element-15a2151\" data-id=\"15a2151\" data-element_type=\"column\">\n\t\t\t<div class=\"elementor-widget-wrap elementor-element-populated\">\n\t\t\t\t\t\t\t\t<div class=\"elementor-element elementor-element-6eca7e9 elementor-widget elementor-widget-image\" data-id=\"6eca7e9\" data-element_type=\"widget\" data-widget_type=\"image.default\">\n\t\t\t\t<div class=\"elementor-widget-container\">\n\t\t\t\t\t\t\t\t\t\t\t\t\t\t\t<img loading=\"lazy\" decoding=\"async\" width=\"980\" height=\"735\" src=\"https:\/\/successsensation.com\/seasona\/wp-content\/uploads\/2023\/03\/Photo-Mar-09-2023-9-02-36-PM-1024x768.jpg\" class=\"attachment-large size-large wp-image-8708\" alt=\"\" srcset=\"https:\/\/successsensation.com\/seasona\/wp-content\/uploads\/2023\/03\/Photo-Mar-09-2023-9-02-36-PM-1024x768.jpg 1024w, https:\/\/successsensation.com\/seasona\/wp-content\/uploads\/2023\/03\/Photo-Mar-09-2023-9-02-36-PM-300x225.jpg 300w, https:\/\/successsensation.com\/seasona\/wp-content\/uploads\/2023\/03\/Photo-Mar-09-2023-9-02-36-PM-768x576.jpg 768w, https:\/\/successsensation.com\/seasona\/wp-content\/uploads\/2023\/03\/Photo-Mar-09-2023-9-02-36-PM-1536x1152.jpg 1536w, https:\/\/successsensation.com\/seasona\/wp-content\/uploads\/2023\/03\/Photo-Mar-09-2023-9-02-36-PM-2048x1536.jpg 2048w\" sizes=\"auto, (max-width: 980px) 100vw, 980px\" \/>\t\t\t\t\t\t\t\t\t\t\t\t\t\t\t<\/div>\n\t\t\t\t<\/div>\n\t\t\t\t\t<\/div>\n\t\t<\/div>\n\t\t\t\t\t\t\t<\/div>\n\t\t<\/section>\n\t\t\t\t\t<\/div>\n\t\t<\/div>\n\t\t\t\t\t\t\t<\/div>\n\t\t<\/section>\n\t\t\t\t<section class=\"elementor-section elementor-top-section elementor-element elementor-element-c361d6d elementor-section-boxed elementor-section-height-default elementor-section-height-default\" data-id=\"c361d6d\" data-element_type=\"section\">\n\t\t\t\t\t\t<div class=\"elementor-container elementor-column-gap-default\">\n\t\t\t\t\t<div class=\"elementor-column elementor-col-100 elementor-top-column elementor-element elementor-element-c101a07\" data-id=\"c101a07\" data-element_type=\"column\">\n\t\t\t<div class=\"elementor-widget-wrap elementor-element-populated\">\n\t\t\t\t\t\t\t\t<div class=\"elementor-element elementor-element-676a715 elementor-widget elementor-widget-text-editor\" data-id=\"676a715\" data-element_type=\"widget\" data-widget_type=\"text-editor.default\">\n\t\t\t\t<div class=\"elementor-widget-container\">\n\t\t\t\t\t\t\t<p style=\"overflow-wrap: break-word; margin-bottom: 1.3em; padding: 0px; border: 0px; font-variant-numeric: inherit; font-variant-east-asian: inherit; font-variant-alternates: inherit; font-stretch: inherit; font-size: 12px; line-height: inherit; font-family: Montserrat, sans-serif; font-optical-sizing: inherit; font-kerning: inherit; font-feature-settings: inherit; font-variation-settings: inherit; vertical-align: baseline; color: #8e9a9e; background-color: #ffffff;\"><span style=\"color: #000000;\"><strong>LAS SIGUIENTES CONDICIONES APLICAN:<\/strong><\/span><\/p>\n<p><span style=\"margin: 0px; padding: 0px; border: 0px; font: inherit; vertical-align: baseline; color: #000000;\">* Presentar Cedula de Identidad (Nacionales).&nbsp; Tarjeta de Residente permanente (Extranjeros).<\/span><\/p>\n<p><span style=\"margin: 0px; padding: 0px; border: 0px; font: inherit; vertical-align: baseline; color: #000000;\">* Reservaciones con 2 d\u00edas de anticipaci\u00f3n y el pago del 30% de dep\u00f3sito con tarjeta o deposito a nuestra cuenta.<\/span><\/p>\n<p><span style=\"margin: 0px; padding: 0px; border: 0px; font: inherit; vertical-align: baseline; color: #000000;\">* No es permitido traer bebidas alcoh\u00f3licas a nuestro Hotel. \u00a1Esto es estrictamente en forzado! Bar disponible.<\/span><\/p>\n<p><span style=\"margin: 0px; padding: 0px; border: 0px; font: inherit; vertical-align: baseline; color: #000000;\">* Transporte desde Masatepe hacia la Hacienda est\u00e1 disponible. Precio $10.00 ida y regreso para su grupo.&nbsp; Grupos de 6 o m\u00e1s personas el transporte es GRATIS desde Masatepe.&#8217;<\/span><\/p>\n<h2 style=\"overflow-wrap: break-word; font-family: Montserrat, sans-serif; line-height: 1.1em; margin-top: 25px; margin-bottom: 15px; font-size: 20px; padding: 0px; border: 0px; font-variant-numeric: inherit; font-variant-east-asian: inherit; font-variant-alternates: inherit; font-stretch: inherit; font-optical-sizing: inherit; font-kerning: inherit; font-feature-settings: inherit; font-variation-settings: inherit; vertical-align: baseline; color: #2a303b; background-color: #ffffff; text-align: center;\"><span style=\"font-weight: bold; margin: 0px; padding: 0px; border: 0px; font-style: inherit; font-variant: inherit; font-stretch: inherit; font-size: inherit; line-height: inherit; font-family: inherit; font-optical-sizing: inherit; font-kerning: inherit; font-feature-settings: inherit; font-variation-settings: inherit; vertical-align: baseline; color: #000000;\"><span style=\"margin: 0px; padding: 0px; border: 0px; font: inherit; vertical-align: baseline;\"><span style=\"margin: 0px; padding: 0px; border: 0px; font: inherit; vertical-align: baseline;\"><span style=\"margin: 0px; padding: 0px; border: 0px; font: inherit; vertical-align: baseline;\"><span style=\"margin: 0px; padding: 0px; border: 0px; font: inherit; vertical-align: baseline;\">Reservaciones al 8275 6829 Tigo o 5815 4842 Claro o al +17727082865 ws<\/span><\/span><\/span><\/span><\/span><\/h2>\n<h2 style=\"overflow-wrap: break-word; font-family: Montserrat, sans-serif; line-height: 1.1em; margin-top: 25px; margin-bottom: 15px; font-size: 20px; padding: 0px; border: 0px; font-variant-numeric: inherit; font-variant-east-asian: inherit; font-variant-alternates: inherit; font-stretch: inherit; font-optical-sizing: inherit; font-kerning: inherit; font-feature-settings: inherit; font-variation-settings: inherit; vertical-align: baseline; color: #2a303b; background-color: #ffffff; text-align: center;\"><span style=\"font-weight: bold; margin: 0px; padding: 0px; border: 0px; font-style: inherit; font-variant: inherit; font-stretch: inherit; font-size: inherit; line-height: inherit; font-family: inherit; font-optical-sizing: inherit; font-kerning: inherit; font-feature-settings: inherit; font-variation-settings: inherit; vertical-align: baseline; color: #000000;\"><a style=\"color: #000000; margin: 0px; padding: 0px; border: 0px; font: inherit; vertical-align: baseline; outline: none;\" href=\"mailto:info@haciendapuertadelcielo.com\">info@haciendapuertadelcielo.com<\/a><\/span><\/h2>\t\t\t\t\t\t<\/div>\n\t\t\t\t<\/div>\n\t\t\t\t\t<\/div>\n\t\t<\/div>\n\t\t\t\t\t\t\t<\/div>\n\t\t<\/section>\n\t\t\t\t\t\t\t<\/div>\n\t\t","protected":false},"excerpt":{"rendered":"<p>PASAR EL DIA EN NUESTRA HACIENDA De 10:00 am a 4:30 pm. \u00a0Adultos $18 \u00a0Ni\u00f1os (1-10 a\u00f1os) $10 Grupos de 6 o m\u00e1s; \u00a0Adultos $17 \u00a0Ni\u00f1os (1-10 a\u00f1os) $9 Incluye: uso de la piscina y asado como almuerzo para los adultos y fajitas de pollo y papa para los ni\u00f1os. Precios mostrados no incluyen IVA. [&hellip;]<\/p>\n","protected":false},"author":1,"featured_media":0,"parent":0,"menu_order":0,"comment_status":"closed","ping_status":"closed","template":"template-homepage.php","meta":{"inline_featured_image":false,"footnotes":""},"class_list":["post-7741","page","type-page","status-publish","hentry"],"_links":{"self":[{"href":"https:\/\/successsensation.com\/seasona\/wp-json\/wp\/v2\/pages\/7741","targetHints":{"allow":["GET"]}}],"collection":[{"href":"https:\/\/successsensation.com\/seasona\/wp-json\/wp\/v2\/pages"}],"about":[{"href":"https:\/\/successsensation.com\/seasona\/wp-json\/wp\/v2\/types\/page"}],"author":[{"embeddable":true,"href":"https:\/\/successsensation.com\/seasona\/wp-json\/wp\/v2\/users\/1"}],"replies":[{"embeddable":true,"href":"https:\/\/successsensation.com\/seasona\/wp-json\/wp\/v2\/comments?post=7741"}],"version-history":[{"count":0,"href":"https:\/\/successsensation.com\/seasona\/wp-json\/wp\/v2\/pages\/7741\/revisions"}],"wp:attachment":[{"href":"https:\/\/successsensation.com\/seasona\/wp-json\/wp\/v2\/media?parent=7741"}],"curies":[{"name":"wp","href":"https:\/\/api.w.org\/{rel}","templated":true}]}}